{"id":2975,"date":"2021-09-02T08:56:48","date_gmt":"2021-09-02T08:56:48","guid":{"rendered":"https:\/\/mafpump.se\/?page_id=2975"},"modified":"2025-10-27T16:09:11","modified_gmt":"2025-10-27T15:09:11","slug":"sludge-pumps","status":"publish","type":"page","link":"https:\/\/mafpump.se\/en\/slampumpar\/","title":{"rendered":"Sludge pumps"},"content":{"rendered":"<p>At MAF Pump, we offer a high-quality range of Swedish-made slurry pumps in the form of progressive cavity pumps. As an original manufacturer, we have extensive experience in both product development and manufacturing of pumps. In addition to our standard pumps in <a href=\"https:\/\/mafpump.se\/wp-content\/uploads\/2019\/02\/MAF-Pump-12s-broschyr_WEB.pdf\">SE series<\/a>, We can also customise pumping solutions for your business or specific requirements.\u00a0<\/p>\n\n\n<h2 class=\"wp-block-heading\">Eccentric screw pumps as slurry pumps - for sewage, slurry and industries<\/h2>\n\n\n\n<p>Our <a href=\"https:\/\/mafpump.se\/en\/products-services\/eccentric-screw-pumps\/\">eccentric screw pumps<\/a> are ideal as slurry pumps as they easily handle liquids and media with different properties and viscosities, from very viscous dry slurries to thin liquids or chemicals. They are used in many different applications:\u00a0<\/p>\n\n\n\n<ul class=\"wp-block-list\">\n<li>In industrial applications<\/li>\n\n\n\n<li>In dosing processes with small flows and a need for high precision\u00a0<\/li>\n\n\n\n<li>In the food industry<\/li>\n\n\n\n<li>For slurry, digestate and dry sludge<\/li>\n<\/ul>\n\n\n\n<p>Don't hesitate to contact us at MAF Pump for more information about our range!<\/p>","protected":false},"excerpt":{"rendered":"<p>Vi p\u00e5 MAF Pump erbjuder ett h\u00f6gkvalitativt sortiment av svensktillverkade slampumpar i form av excenterskruvpumpar. Som originaltillverkare har vi l\u00e5ng erfarenhet av b\u00e5de produktutveckling och tillverkning av pumpar. F\u00f6rutom v\u00e5ra standardpumpar i SE-serien, har vi \u00e4ven m\u00f6jlighet att specialtillverka pumpl\u00f6sningar f\u00f6r just din verksamhet eller specifika \u00f6nskem\u00e5l.\u00a0 Excenterskruvpumpar som slampumpar &#8211; f\u00f6r avlopp, slurry och [&hellip;]<\/p>\n","protected":false},"author":5,"featured_media":0,"parent":0,"menu_order":0,"comment_status":"closed","ping_status":"closed","template":"","meta":{"_acf_changed":false,"_monsterinsights_skip_tracking":false,"_monsterinsights_sitenote_active":false,"_monsterinsights_sitenote_note":"","_monsterinsights_sitenote_category":0,"footnotes":""},"class_list":["post-2975","page","type-page","status-publish","hentry"],"acf":[],"yoast_head":"<!-- This site is optimized with the Yoast SEO plugin v27.2 - https:\/\/yoast.com\/product\/yoast-seo-wordpress\/ -->\n<title>Slampumpar - Pump f\u00f6r slam, muddring &amp; avlopp<\/title>\n<meta name=\"description\" content=\"Vi erbjuder ett brett utbud av slampumpar f\u00f6r flera industriella applikationer. Svensktillverkade pumpar. V\u00e4lkommen att kontakta oss!\" \/>\n<meta name=\"robots\" content=\"index, follow, max-snippet:-1, max-image-preview:large, max-video-preview:-1\" \/>\n<link rel=\"canonical\" href=\"https:\/\/mafpump.se\/en\/sludge-pumps\/\" \/>\n<meta property=\"og:locale\" content=\"en_GB\" \/>\n<meta property=\"og:type\" content=\"article\" \/>\n<meta property=\"og:title\" content=\"Slampumpar - Pump f\u00f6r slam, muddring &amp; avlopp\" \/>\n<meta property=\"og:description\" content=\"Vi erbjuder ett brett utbud av slampumpar f\u00f6r flera industriella applikationer. Svensktillverkade pumpar. V\u00e4lkommen att kontakta oss!\" \/>\n<meta property=\"og:url\" content=\"https:\/\/mafpump.se\/en\/sludge-pumps\/\" \/>\n<meta property=\"og:site_name\" content=\"Mafpump\" \/>\n<meta property=\"article:modified_time\" content=\"2025-10-27T15:09:11+00:00\" \/>\n<meta name=\"twitter:card\" content=\"summary_large_image\" \/>\n<meta name=\"twitter:label1\" content=\"Estimated reading time\" \/>\n\t<meta name=\"twitter:data1\" content=\"1 minute\" \/>\n<script type=\"application\/ld+json\" class=\"yoast-schema-graph\">{\"@context\":\"https:\/\/schema.org\",\"@graph\":[{\"@type\":\"WebPage\",\"@id\":\"https:\/\/mafpump.se\/slampumpar\/\",\"url\":\"https:\/\/mafpump.se\/slampumpar\/\",\"name\":\"Slampumpar - Pump f\u00f6r slam, muddring & avlopp\",\"isPartOf\":{\"@id\":\"https:\/\/mafpump.se\/#website\"},\"datePublished\":\"2021-09-02T08:56:48+00:00\",\"dateModified\":\"2025-10-27T15:09:11+00:00\",\"description\":\"Vi erbjuder ett brett utbud av slampumpar f\u00f6r flera industriella applikationer. Svensktillverkade pumpar. V\u00e4lkommen att kontakta oss!\",\"breadcrumb\":{\"@id\":\"https:\/\/mafpump.se\/slampumpar\/#breadcrumb\"},\"inLanguage\":\"en-GB\",\"potentialAction\":[{\"@type\":\"ReadAction\",\"target\":[\"https:\/\/mafpump.se\/slampumpar\/\"]}]},{\"@type\":\"BreadcrumbList\",\"@id\":\"https:\/\/mafpump.se\/slampumpar\/#breadcrumb\",\"itemListElement\":[{\"@type\":\"ListItem\",\"position\":1,\"name\":\"Hem\",\"item\":\"https:\/\/mafpump.se\/\"},{\"@type\":\"ListItem\",\"position\":2,\"name\":\"Slampumpar\"}]},{\"@type\":\"WebSite\",\"@id\":\"https:\/\/mafpump.se\/#website\",\"url\":\"https:\/\/mafpump.se\/\",\"name\":\"MAF Pump\",\"description\":\"Vi pumpar Sverige fram\u00e5t\",\"publisher\":{\"@id\":\"https:\/\/mafpump.se\/#organization\"},\"potentialAction\":[{\"@type\":\"SearchAction\",\"target\":{\"@type\":\"EntryPoint\",\"urlTemplate\":\"https:\/\/mafpump.se\/?s={search_term_string}\"},\"query-input\":{\"@type\":\"PropertyValueSpecification\",\"valueRequired\":true,\"valueName\":\"search_term_string\"}}],\"inLanguage\":\"en-GB\"},{\"@type\":\"Organization\",\"@id\":\"https:\/\/mafpump.se\/#organization\",\"name\":\"MAF Pump\",\"url\":\"https:\/\/mafpump.se\/\",\"logo\":{\"@type\":\"ImageObject\",\"inLanguage\":\"en-GB\",\"@id\":\"https:\/\/mafpump.se\/#\/schema\/logo\/image\/\",\"url\":\"https:\/\/mafpump.se\/wp-content\/uploads\/2019\/12\/mafpump-logo.png\",\"contentUrl\":\"https:\/\/mafpump.se\/wp-content\/uploads\/2019\/12\/mafpump-logo.png\",\"width\":415,\"height\":251,\"caption\":\"MAF Pump\"},\"image\":{\"@id\":\"https:\/\/mafpump.se\/#\/schema\/logo\/image\/\"}}]}<\/script>\n<!-- \/ Yoast SEO plugin. -->","yoast_head_json":{"title":"Sludge pumps - Pump for sludge, dredging &amp; sewage","description":"We offer a wide range of slurry pumps for several industrial applications. Swedish made pumps. Welcome to contact us!","robots":{"index":"index","follow":"follow","max-snippet":"max-snippet:-1","max-image-preview":"max-image-preview:large","max-video-preview":"max-video-preview:-1"},"canonical":"https:\/\/mafpump.se\/en\/sludge-pumps\/","og_locale":"en_GB","og_type":"article","og_title":"Slampumpar - Pump f\u00f6r slam, muddring & avlopp","og_description":"Vi erbjuder ett brett utbud av slampumpar f\u00f6r flera industriella applikationer. Svensktillverkade pumpar. V\u00e4lkommen att kontakta oss!","og_url":"https:\/\/mafpump.se\/en\/sludge-pumps\/","og_site_name":"Mafpump","article_modified_time":"2025-10-27T15:09:11+00:00","twitter_card":"summary_large_image","twitter_misc":{"Estimated reading time":"1 minute"},"schema":{"@context":"https:\/\/schema.org","@graph":[{"@type":"WebPage","@id":"https:\/\/mafpump.se\/slampumpar\/","url":"https:\/\/mafpump.se\/slampumpar\/","name":"Sludge pumps - Pump for sludge, dredging &amp; sewage","isPartOf":{"@id":"https:\/\/mafpump.se\/#website"},"datePublished":"2021-09-02T08:56:48+00:00","dateModified":"2025-10-27T15:09:11+00:00","description":"We offer a wide range of slurry pumps for several industrial applications. Swedish made pumps. Welcome to contact us!","breadcrumb":{"@id":"https:\/\/mafpump.se\/slampumpar\/#breadcrumb"},"inLanguage":"en-GB","potentialAction":[{"@type":"ReadAction","target":["https:\/\/mafpump.se\/slampumpar\/"]}]},{"@type":"BreadcrumbList","@id":"https:\/\/mafpump.se\/slampumpar\/#breadcrumb","itemListElement":[{"@type":"ListItem","position":1,"name":"Hem","item":"https:\/\/mafpump.se\/"},{"@type":"ListItem","position":2,"name":"Slampumpar"}]},{"@type":"WebSite","@id":"https:\/\/mafpump.se\/#website","url":"https:\/\/mafpump.se\/","name":"MAF Pump","description":"We are pumping Sweden forward","publisher":{"@id":"https:\/\/mafpump.se\/#organization"},"potentialAction":[{"@type":"SearchAction","target":{"@type":"EntryPoint","urlTemplate":"https:\/\/mafpump.se\/?s={search_term_string}"},"query-input":{"@type":"PropertyValueSpecification","valueRequired":true,"valueName":"search_term_string"}}],"inLanguage":"en-GB"},{"@type":"Organization","@id":"https:\/\/mafpump.se\/#organization","name":"MAF Pump","url":"https:\/\/mafpump.se\/","logo":{"@type":"ImageObject","inLanguage":"en-GB","@id":"https:\/\/mafpump.se\/#\/schema\/logo\/image\/","url":"https:\/\/mafpump.se\/wp-content\/uploads\/2019\/12\/mafpump-logo.png","contentUrl":"https:\/\/mafpump.se\/wp-content\/uploads\/2019\/12\/mafpump-logo.png","width":415,"height":251,"caption":"MAF Pump"},"image":{"@id":"https:\/\/mafpump.se\/#\/schema\/logo\/image\/"}}]}},"_links":{"self":[{"href":"https:\/\/mafpump.se\/en\/wp-json\/wp\/v2\/pages\/2975","targetHints":{"allow":["GET"]}}],"collection":[{"href":"https:\/\/mafpump.se\/en\/wp-json\/wp\/v2\/pages"}],"about":[{"href":"https:\/\/mafpump.se\/en\/wp-json\/wp\/v2\/types\/page"}],"author":[{"embeddable":true,"href":"https:\/\/mafpump.se\/en\/wp-json\/wp\/v2\/users\/5"}],"replies":[{"embeddable":true,"href":"https:\/\/mafpump.se\/en\/wp-json\/wp\/v2\/comments?post=2975"}],"version-history":[{"count":2,"href":"https:\/\/mafpump.se\/en\/wp-json\/wp\/v2\/pages\/2975\/revisions"}],"predecessor-version":[{"id":4039,"href":"https:\/\/mafpump.se\/en\/wp-json\/wp\/v2\/pages\/2975\/revisions\/4039"}],"wp:attachment":[{"href":"https:\/\/mafpump.se\/en\/wp-json\/wp\/v2\/media?parent=2975"}],"curies":[{"name":"wp","href":"https:\/\/api.w.org\/{rel}","templated":true}]}}